{"id":11495,"date":"2022-02-19T23:07:22","date_gmt":"2022-02-19T22:07:22","guid":{"rendered":"http:\/\/farlav.com\/?page_id=11495"},"modified":"2022-02-19T23:18:12","modified_gmt":"2022-02-19T22:18:12","slug":"misurazione","status":"publish","type":"page","link":"https:\/\/farlav.com\/?page_id=11495","title":{"rendered":"misurazione"},"content":{"rendered":"<h2 class=\"wp-block-heading\" id=\"article-title-604300000002779\">Come si misurano i prodotti<\/h2><p><strong>Capispalla <\/strong><br><img decoding=\"async\" src=\"https:\/\/yoox.egain.cloud\/system\/ws\/v11\/media\/image\/6043\/a0fd009e-acf9-4b21-90e5-353bdf75474f\"><br><strong>Lunghezza<\/strong>: si misura il capo disteso a partire dalla cucitura del colletto per tutta la lunghezza posteriore.<br><br><strong>Vestiti<\/strong><br><img decoding=\"async\" src=\"https:\/\/yoox.egain.cloud\/system\/ws\/v11\/media\/image\/6043\/41cc7353-b41a-4e11-a707-a50cb45bbcf1\"><br><strong>Lunghezza<\/strong>: si misura il capo disteso a partire dalla estremit\u00e0 superiore (spallina o petto) fino all&#8217;orlo.<\/p><p><strong>Pantaloni<\/strong><br><img decoding=\"async\" src=\"https:\/\/yoox.egain.cloud\/system\/ws\/v11\/media\/image\/6043\/16633f75-f3c3-4ab9-a653-c91da73ffb5e\"><br><strong>Lunghezza<\/strong>: con la gamba del pantalone ben distesa, si misura il capo lungo la cucitura esterna, dalla vita al fondo, e lungo la cucitura interna, dal cavallo al fondo.<br><br><strong>Scarpe<\/strong><br><img decoding=\"async\" src=\"https:\/\/yoox.egain.cloud\/system\/ws\/v11\/media\/image\/6043\/30e780de-21dd-4530-982d-9c422d63e0e3\"><br><strong>Altezza tacco<\/strong>: si misura il tacco dalla sua estremit\u00e0 inferiore fino all&#8217;inizio della suola.<br><strong>Altezza plateau<\/strong>: si misura il plateau dal basso verso l&#8217;alto nel punto pi\u00f9 ampio.<br><img decoding=\"async\" src=\"https:\/\/yoox.egain.cloud\/system\/ws\/v11\/media\/image\/6043\/bc06ebbe-6a63-414a-a101-5be4ab515745\"><br><strong>Altezza gambale stivale<\/strong>: si misura l&#8217;altezza a partire dal tallone fino all&#8217;estremit\u00e0 superiore.<br><strong>Circonferenza gambale stivale<\/strong>: si misura la circonferenza all&#8217;altezza del polpaccio, ossia 25 cm a partire dal tallone. Nel caso in cui l&#8217;altezza dello stivale non superi i 25 cm, si misura la circonferenza nella parte terminale.<br><br><strong>Cinture<\/strong><br><img decoding=\"async\" src=\"https:\/\/yoox.egain.cloud\/system\/ws\/v11\/media\/image\/6043\/fc99eacf-589f-4a2d-a846-63d5c45e9ac9\"><br><strong>Lunghezza:<\/strong>&nbsp;se la taglia non viene riportata sul capo, si misura la lunghezza a partire dalla fibbia, esclusa, fino al terzo foro.<br><br><strong>Borse<\/strong><br><img decoding=\"async\" src=\"https:\/\/yoox.egain.cloud\/system\/ws\/v11\/media\/image\/6043\/0145428d-261b-438c-84f0-c20e39dabcd7\"><br><strong>Altezza e larghezza<\/strong>: si misura la borsa dal punto pi\u00f9 alto e da quello pi\u00f9 ampio, manico escluso.<br><strong>Profondit\u00e0<\/strong>: si misura la parte pi\u00f9 larga del fondo.<br><strong>Lunghezza<\/strong>: si misura il manico da una parte all&#8217;altra seguendo il perimetro.<br><strong>Altezza<\/strong>: si misura il manico a partire dal punto pi\u00f9 alto fino alla base superiore della borsa, tendendo al massimo i manici o la tracolla.<br><br><strong>Occhiali<\/strong><br><img decoding=\"async\" src=\"https:\/\/yoox.egain.cloud\/system\/ws\/v11\/media\/image\/6043\/b41f29f5-dfae-4ab5-85ff-de5dfa19dc50\"><br><strong>Calibro occhiali<\/strong>: si misura in mm e indica il diametro della lente dal ponte dell&#8217;occhiale all&#8217;asta.<br>Per la maggior parte dei modelli la misura \u00e8 unica. Nei casi in cui il modello dell\u2019occhiale \u00e8 disponibile in pi\u00f9 taglie, si consiglia la misura inferiore per visi di dimensioni contenute e la misura superiore per visi pi\u00f9 ampi.<\/p><div class=\"wp-block-buttons is-layout-flex wp-block-buttons-is-layout-flex\"><div class=\"wp-block-button\"><a class=\"wp-block-button__link\" href=\"https:\/\/farlav.com\/?page_id=478\">torna a guida taglie<\/a><\/div><\/div>","protected":false},"excerpt":{"rendered":"<p>Come si misurano i prodotti Capispalla Lunghezza: si misura il capo disteso a partire dalla cucitura del colletto per tutta la lunghezza posteriore. VestitiLunghezza: si misura il capo disteso a partire dalla estremit\u00e0 superiore (spallina o petto) fino all&#8217;orlo. PantaloniLunghezza: con la gamba del pantalone ben distesa, si misura il capo lungo la cucitura esterna, [&hellip;]<\/p>\n","protected":false},"author":1,"featured_media":0,"parent":0,"menu_order":0,"comment_status":"closed","ping_status":"closed","template":"","meta":{"footnotes":""},"class_list":["post-11495","page","type-page","status-publish","hentry"],"yoast_head":"<!-- This site is optimized with the Yoast SEO plugin v24.4 - https:\/\/yoast.com\/wordpress\/plugins\/seo\/ -->\n<title>misurazione - farlav<\/title>\n<meta name=\"robots\" content=\"index, follow, max-snippet:-1, max-image-preview:large, max-video-preview:-1\" \/>\n<link rel=\"canonical\" href=\"https:\/\/farlav.com\/?page_id=11495\" \/>\n<meta property=\"og:locale\" content=\"it_IT\" \/>\n<meta property=\"og:type\" content=\"article\" \/>\n<meta property=\"og:title\" content=\"misurazione - farlav\" \/>\n<meta property=\"og:description\" content=\"Come si misurano i prodotti Capispalla Lunghezza: si misura il capo disteso a partire dalla cucitura del colletto per tutta la lunghezza posteriore. VestitiLunghezza: si misura il capo disteso a partire dalla estremit\u00e0 superiore (spallina o petto) fino all&#8217;orlo. PantaloniLunghezza: con la gamba del pantalone ben distesa, si misura il capo lungo la cucitura esterna, [&hellip;]\" \/>\n<meta property=\"og:url\" content=\"https:\/\/farlav.com\/?page_id=11495\" \/>\n<meta property=\"og:site_name\" content=\"farlav\" \/>\n<meta property=\"article:modified_time\" content=\"2022-02-19T22:18:12+00:00\" \/>\n<meta property=\"og:image\" content=\"https:\/\/yoox.egain.cloud\/system\/ws\/v11\/media\/image\/6043\/a0fd009e-acf9-4b21-90e5-353bdf75474f\" \/>\n<meta name=\"twitter:card\" content=\"summary_large_image\" \/>\n<meta name=\"twitter:label1\" content=\"Tempo di lettura stimato\" \/>\n\t<meta name=\"twitter:data1\" content=\"4 minuti\" \/>\n<script type=\"application\/ld+json\" class=\"yoast-schema-graph\">{\"@context\":\"https:\/\/schema.org\",\"@graph\":[{\"@type\":\"WebPage\",\"@id\":\"https:\/\/farlav.com\/?page_id=11495\",\"url\":\"https:\/\/farlav.com\/?page_id=11495\",\"name\":\"misurazione - farlav\",\"isPartOf\":{\"@id\":\"https:\/\/farlav.com\/#website\"},\"primaryImageOfPage\":{\"@id\":\"https:\/\/farlav.com\/?page_id=11495#primaryimage\"},\"image\":{\"@id\":\"https:\/\/farlav.com\/?page_id=11495#primaryimage\"},\"thumbnailUrl\":\"https:\/\/yoox.egain.cloud\/system\/ws\/v11\/media\/image\/6043\/a0fd009e-acf9-4b21-90e5-353bdf75474f\",\"datePublished\":\"2022-02-19T22:07:22+00:00\",\"dateModified\":\"2022-02-19T22:18:12+00:00\",\"breadcrumb\":{\"@id\":\"https:\/\/farlav.com\/?page_id=11495#breadcrumb\"},\"inLanguage\":\"it-IT\",\"potentialAction\":[{\"@type\":\"ReadAction\",\"target\":[\"https:\/\/farlav.com\/?page_id=11495\"]}]},{\"@type\":\"ImageObject\",\"inLanguage\":\"it-IT\",\"@id\":\"https:\/\/farlav.com\/?page_id=11495#primaryimage\",\"url\":\"https:\/\/yoox.egain.cloud\/system\/ws\/v11\/media\/image\/6043\/a0fd009e-acf9-4b21-90e5-353bdf75474f\",\"contentUrl\":\"https:\/\/yoox.egain.cloud\/system\/ws\/v11\/media\/image\/6043\/a0fd009e-acf9-4b21-90e5-353bdf75474f\"},{\"@type\":\"BreadcrumbList\",\"@id\":\"https:\/\/farlav.com\/?page_id=11495#breadcrumb\",\"itemListElement\":[{\"@type\":\"ListItem\",\"position\":1,\"name\":\"Home\",\"item\":\"https:\/\/farlav.com\/\"},{\"@type\":\"ListItem\",\"position\":2,\"name\":\"misurazione\"}]},{\"@type\":\"WebSite\",\"@id\":\"https:\/\/farlav.com\/#website\",\"url\":\"https:\/\/farlav.com\/\",\"name\":\"farlav\",\"description\":\"lifestyle\",\"potentialAction\":[{\"@type\":\"SearchAction\",\"target\":{\"@type\":\"EntryPoint\",\"urlTemplate\":\"https:\/\/farlav.com\/?s={search_term_string}\"},\"query-input\":{\"@type\":\"PropertyValueSpecification\",\"valueRequired\":true,\"valueName\":\"search_term_string\"}}],\"inLanguage\":\"it-IT\"}]}<\/script>\n<!-- \/ Yoast SEO plugin. -->","yoast_head_json":{"title":"misurazione - farlav","robots":{"index":"index","follow":"follow","max-snippet":"max-snippet:-1","max-image-preview":"max-image-preview:large","max-video-preview":"max-video-preview:-1"},"canonical":"https:\/\/farlav.com\/?page_id=11495","og_locale":"it_IT","og_type":"article","og_title":"misurazione - farlav","og_description":"Come si misurano i prodotti Capispalla Lunghezza: si misura il capo disteso a partire dalla cucitura del colletto per tutta la lunghezza posteriore. VestitiLunghezza: si misura il capo disteso a partire dalla estremit\u00e0 superiore (spallina o petto) fino all&#8217;orlo. PantaloniLunghezza: con la gamba del pantalone ben distesa, si misura il capo lungo la cucitura esterna, [&hellip;]","og_url":"https:\/\/farlav.com\/?page_id=11495","og_site_name":"farlav","article_modified_time":"2022-02-19T22:18:12+00:00","og_image":[{"url":"https:\/\/yoox.egain.cloud\/system\/ws\/v11\/media\/image\/6043\/a0fd009e-acf9-4b21-90e5-353bdf75474f","type":"","width":"","height":""}],"twitter_card":"summary_large_image","twitter_misc":{"Tempo di lettura stimato":"4 minuti"},"schema":{"@context":"https:\/\/schema.org","@graph":[{"@type":"WebPage","@id":"https:\/\/farlav.com\/?page_id=11495","url":"https:\/\/farlav.com\/?page_id=11495","name":"misurazione - farlav","isPartOf":{"@id":"https:\/\/farlav.com\/#website"},"primaryImageOfPage":{"@id":"https:\/\/farlav.com\/?page_id=11495#primaryimage"},"image":{"@id":"https:\/\/farlav.com\/?page_id=11495#primaryimage"},"thumbnailUrl":"https:\/\/yoox.egain.cloud\/system\/ws\/v11\/media\/image\/6043\/a0fd009e-acf9-4b21-90e5-353bdf75474f","datePublished":"2022-02-19T22:07:22+00:00","dateModified":"2022-02-19T22:18:12+00:00","breadcrumb":{"@id":"https:\/\/farlav.com\/?page_id=11495#breadcrumb"},"inLanguage":"it-IT","potentialAction":[{"@type":"ReadAction","target":["https:\/\/farlav.com\/?page_id=11495"]}]},{"@type":"ImageObject","inLanguage":"it-IT","@id":"https:\/\/farlav.com\/?page_id=11495#primaryimage","url":"https:\/\/yoox.egain.cloud\/system\/ws\/v11\/media\/image\/6043\/a0fd009e-acf9-4b21-90e5-353bdf75474f","contentUrl":"https:\/\/yoox.egain.cloud\/system\/ws\/v11\/media\/image\/6043\/a0fd009e-acf9-4b21-90e5-353bdf75474f"},{"@type":"BreadcrumbList","@id":"https:\/\/farlav.com\/?page_id=11495#breadcrumb","itemListElement":[{"@type":"ListItem","position":1,"name":"Home","item":"https:\/\/farlav.com\/"},{"@type":"ListItem","position":2,"name":"misurazione"}]},{"@type":"WebSite","@id":"https:\/\/farlav.com\/#website","url":"https:\/\/farlav.com\/","name":"farlav","description":"lifestyle","potentialAction":[{"@type":"SearchAction","target":{"@type":"EntryPoint","urlTemplate":"https:\/\/farlav.com\/?s={search_term_string}"},"query-input":{"@type":"PropertyValueSpecification","valueRequired":true,"valueName":"search_term_string"}}],"inLanguage":"it-IT"}]}},"_links":{"self":[{"href":"https:\/\/farlav.com\/index.php?rest_route=\/wp\/v2\/pages\/11495"}],"collection":[{"href":"https:\/\/farlav.com\/index.php?rest_route=\/wp\/v2\/pages"}],"about":[{"href":"https:\/\/farlav.com\/index.php?rest_route=\/wp\/v2\/types\/page"}],"author":[{"embeddable":true,"href":"https:\/\/farlav.com\/index.php?rest_route=\/wp\/v2\/users\/1"}],"replies":[{"embeddable":true,"href":"https:\/\/farlav.com\/index.php?rest_route=%2Fwp%2Fv2%2Fcomments&post=11495"}],"version-history":[{"count":3,"href":"https:\/\/farlav.com\/index.php?rest_route=\/wp\/v2\/pages\/11495\/revisions"}],"predecessor-version":[{"id":11500,"href":"https:\/\/farlav.com\/index.php?rest_route=\/wp\/v2\/pages\/11495\/revisions\/11500"}],"wp:attachment":[{"href":"https:\/\/farlav.com\/index.php?rest_route=%2Fwp%2Fv2%2Fmedia&parent=11495"}],"curies":[{"name":"wp","href":"https:\/\/api.w.org\/{rel}","templated":true}]}}