{"id":3,"date":"2022-02-03T15:32:25","date_gmt":"2022-02-03T15:32:25","guid":{"rendered":"http:\/\/farlav.com\/?page_id=3"},"modified":"2024-01-25T12:27:04","modified_gmt":"2024-01-25T11:27:04","slug":"privacy-policy-2","status":"publish","type":"page","link":"https:\/\/farlav.com\/?page_id=3","title":{"rendered":"Privacy Policy"},"content":{"rendered":"<p>[vc_row][vc_column][vc_column_text]<\/p>\r\n<p>FARLAV.COM<\/p><!-- \/wp:paragraph --><!-- \/wp:paragraph -->\r\n<p><!-- wp:paragraph -->Indirizzo email:\u00a0<a href=\"mailto:info@helaa.it\">info@farlav.com<\/a><\/p>\r\n<!-- \/wp:paragraph --><!-- \/wp:paragraph -->\r\n<p><!-- wp:paragraph --><strong>INFORMAZIONI SUL TRATTAMENTO DEI DATI PERSONALI<\/strong>\u00a0degli utenti che consultano il sito web farlav.com, ai sensi del Regolamento (UE) 2016\/679 (GDPR).<\/p>\r\n<!-- \/wp:paragraph -->\r\n<p><!-- wp:paragraph -->A mezzo del presente documento, ti forniamo tutte le informazioni in merito al trattamento dei dati effettuato dalla nostra Societ\u00e0 tramite il sito internet farlav.com<\/p>\r\n<!-- \/wp:paragraph -->\r\n<p><!-- wp:paragraph -->Questa Privacy Policy si applica ad ogni accesso al sito e, pi\u00f9 in generale, ad ogni attivit\u00e0 di navigazione al suo interno e di uso dei suoi servizi.<\/p>\r\n<!-- \/wp:paragraph -->\r\n\r\n<!-- wp:list {\"ordered\":true,\"type\":\"1\"} -->\r\n<ol type=\"1\">\r\n<li><strong>TITOLARE DEL SITO E TRATTAMENTO DEI DATI<\/strong><\/li>\r\n<\/ol>\r\n<!-- \/wp:list -->\r\n<p><!-- wp:paragraph -->Il Titolare del trattamento \u00e8 FARLAV.COM; \u00e8 possibile contattare il Titolare del Trattamento per iscritto all\u2019indirizzo email sopra riportato.<\/p>\r\n<!-- \/wp:paragraph -->\r\n\r\n<!-- wp:list {\"ordered\":true,\"type\":\"1\",\"start\":2} -->\r\n<ol start=\"2\" type=\"1\">\r\n<li><strong>LA NOSTRA POLICY<\/strong><\/li>\r\n<\/ol>\r\n<p><!-- \/wp:list -->Farlav si impegna fortemente per garantire la tutela dei dati personali degli utenti e dei visitatori del ns. sito internet, garantendo appieno il rispetto della normativa in merito al trattamento dei dati personali e, in particolare, il rispetto delle norme del D.Lgs 196\/03 (Codice sulla Privacy) e del Regolamento UE 2016\/679 \u2013 General Data Protection Regulation (GDPR).<\/p>\r\n<!-- \/wp:paragraph -->\r\n<p><!-- wp:paragraph -->Farlav tratter\u00e0 i tuoi dati personali secondo il principio di stretta necessit\u00e0; pertanto, questo sito web \u00e8 stato configurato per ridurre al minimo il trattamento dei dati, utilizzando, quando possibile, dati anonimi.<\/p>\r\n<!-- \/wp:paragraph -->\r\n<p><!-- wp:paragraph -->Il trattamento \u00e8 basato sui principi di correttezza, liceit\u00e0, trasparenza e tutela della tua riservatezza e dei tuoi diritti.<\/p>\r\n<!-- \/wp:paragraph -->\r\n\r\n<!-- wp:list {\"ordered\":true,\"type\":\"1\",\"start\":3} -->\r\n<ol start=\"3\" type=\"1\">\r\n<li><strong>TIPOLOGIA DEI DATI RACCOLTI<\/strong><\/li>\r\n<\/ol>\r\n<!-- \/wp:list -->\r\n<p><!-- wp:paragraph -->Tra i Dati Personali raccolti da Farlav, in modo autonomo o tramite terze parti, sono compresi:<\/p>\r\n<!-- \/wp:paragraph -->\r\n\r\n<!-- wp:list -->\r\n<ul>\r\n<li>i dati di navigazione, eventualmente acquisiti implicitamente mediante l\u2019uso dei protocolli di comunicazione di Internet: indirizzi IP, nomi a dominio dei computer e dei terminali utilizzati dagli utenti, indirizzi in notazione URI\/URL delle risorse richieste e relativo orario ed altri parametri relativi al sistema operativo dell\u2019utente. Tali dati possono essere necessari per l\u2019utilizzo dei servizi web e possono essere trattati al fine di ottenere informazioni statistiche sull\u2019uso dei servizi, nonch\u00e9 controllare il corretto funzionamento dei servizi offerti;<\/li>\r\n<li>i dati comunicati a mezzo email o tramite la sezione apposita del nostro sito;<\/li>\r\n<li>i dati comunicati al momento della registrazione del profilo utente (dati anagrafici, indirizzo email, \u2026);<\/li>\r\n<li>i dati comunicati al momento dell\u2019acquisto di prodotti tramite il sito internet farlav.com (dati anagrafici, indirizzo email, indirizzo di spedizione, metodo di pagamento, etc.) e per la gestione degli acquisti (storico acquisti).<\/li>\r\n<\/ul>\r\n<!-- \/wp:list -->\r\n\r\n<!-- wp:list {\"ordered\":true,\"type\":\"1\",\"start\":4} -->\r\n<ol start=\"4\" type=\"1\">\r\n<li><strong>FINALIT\u00c0 DELLA RACCOLTA DATI<\/strong><\/li>\r\n<\/ol>\r\n<!-- \/wp:list -->\r\n<p><!-- wp:paragraph -->I dati personali sono raccolti e trattati da Farlav per finalit\u00e0 strettamente connesse all\u2019uso del sito farlav.com, dei suoi servizi, dietro registrazione al sito e all\u2019acquisto dei prodotti, oppure in operazioni di trattamento strettamente connesse con tali finalit\u00e0. In particolare, i tuoi dati personali potranno essere trattati:<\/p>\r\n<!-- \/wp:paragraph -->\r\n\r\n<!-- wp:list -->\r\n<ul>\r\n<li>nell\u2019ambito dei processi di registrazione a farlav.com, per cui raccogliamo i tuoi dati personali (come ad esempio indirizzo di posta elettronica, dati anagrafici, password) per fornire i servizi di accesso ad aree e servizi riservati del sito;<\/li>\r\n<li>nell\u2019ambito dei processi di acquisto dei prodotti, raccogliamo i tuoi dati personali (come ad esempio, dati anagrafici, indirizzo email, indirizzo di spedizione, metodo di pagamento, etc.) al fine di adempiere l\u2019ordine ed eseguire l\u2019obbligazione contrattuale, nonch\u00e9 eventualmente al fine di informarti in merito ad eventuali prodotti analoghi a quelli acquistati, salva la possibilit\u00e0 di chiedere immediatamente la cessazione dell\u2019invio di tali comunicazioni;<\/li>\r\n<li>per fornirti i servizi di assistenza raccogliamo i tuoi dati personali (come ad esempio indirizzo di posta elettronica e password) per finalit\u00e0 necessarie a darti tutte le informazioni circa i servizi e l\u2019acquisto dei prodotti su farlav.com oppure per fornirti informazioni circa problemi di navigazione, compatibilit\u00e0 di browser e visualizzazione o caricamento delle pagine web di farlav.com;<\/li>\r\n<li>previo tuo espresso consenso trattiamo i tuoi dati personali nell\u2019ambito di attivit\u00e0 di marketing (se del caso, mediante posta cartacea, chiamate tramite operatore, posta elettronica, SMS, browser e social network) o per analisi statistiche dirette a rilevare il grado di soddisfazione dei servizi offerti e proporti eventuali nuovi prodotti od offerte compatibili con i tuoi gusti e le tue preferenze.<\/li>\r\n<\/ul>\r\n<!-- \/wp:list -->\r\n<p><!-- wp:paragraph -->I dati personali possono anche essere raccolti o trattati per obblighi di legge o per il legittimo interesse del Titolare, sempre nel rispetto della normativa applicabile.<\/p>\r\n<!-- \/wp:paragraph -->\r\n\r\n<!-- wp:list {\"ordered\":true,\"type\":\"1\",\"start\":5} -->\r\n<ol start=\"5\" type=\"1\">\r\n<li><strong>MODALIT\u00c0 DEL TRATTAMENTO DEI DATI<\/strong><\/li>\r\n<\/ol>\r\n<!-- \/wp:list -->\r\n<p><!-- wp:paragraph -->I dati personali vengono trattati principalmente in formato elettronico ed in alcuni casi in formato cartaceo, nella forma che consenta la tua identificazione per il tempo strettamente necessario alla finalit\u00e0 per cui i dati sono stati raccolti e, in ogni caso, entro i limiti di legge.<\/p>\r\n<!-- \/wp:paragraph -->\r\n<p><!-- wp:paragraph -->In caso di modifiche od aggiornamenti dei dati personali, l\u2019utente \u00e8 tenuto ad aggiornarli nella pagina del proprio Account oppure contattando il Titolare del trattamento.<\/p>\r\n<!-- \/wp:paragraph -->\r\n\r\n<!-- wp:list {\"ordered\":true,\"type\":\"1\",\"start\":6} -->\r\n<ol start=\"6\" type=\"1\">\r\n<li><strong>MANCATO CONFERIMENTO DEI DATI PERSONALI<\/strong><\/li>\r\n<\/ol>\r\n<!-- \/wp:list -->\r\n<p><!-- wp:paragraph -->Il conferimento dei dati personali a Farlav (con particolare riferimento ai dati di contatto: indirizzo di posta elettronica, indirizzo di spedizione e metodo di pagamento) \u00e8 necessario con riguardo alla conclusione del contratto di acquisto di prodotti su farlav.com.<\/p>\r\n<!-- \/wp:paragraph -->\r\n<p><!-- wp:paragraph -->La mancata comunicazione dei dati potrebbe rendere impossibile eseguire il contratto stipulato o fornire gli altri servizi richiesti.<\/p>\r\n<!-- \/wp:paragraph -->\r\n<p><!-- wp:paragraph -->La comunicazione a Farlav di ulteriori dati \u00e8, invece, facoltativa ed il mancato conferimento non comporta alcuna conseguenza per l\u2019uso del sito web e dei suoi servizi o per l\u2019acquisto di prodotti su farlav.com.<\/p>\r\n<!-- \/wp:paragraph -->\r\n<p><!-- wp:paragraph -->Di volta in volta ti informeremo del carattere obbligatorio o facoltativo della comunicazione dei tuoi dati personali a Farlav, applicando un apposito carattere (*) all\u2019informazione di carattere obbligatorio.<\/p>\r\n<!-- \/wp:paragraph -->\r\n\r\n<!-- wp:list {\"ordered\":true,\"type\":\"1\",\"start\":7} -->\r\n<ol start=\"7\" type=\"1\">\r\n<li><strong>TEMPI DI CONSERVAZIONE<\/strong><\/li>\r\n<\/ol>\r\n<!-- \/wp:list -->\r\n<p><!-- wp:paragraph -->In generale, Farlav conserver\u00e0 i tuoi dati personali solo per il tempo strettamente necessario al perseguimento della finalit\u00e0 per cui sono stati raccolti, alla gestione del servizio richiesto o fino a quando imposto dai nostri obblighi legali e contrattuali.<\/p>\r\n<!-- \/wp:paragraph -->\r\n<p><!-- wp:paragraph -->In particolare, Farlav conserver\u00e0 i tuoi dati personali per periodi di tempo diversi, a seconda delle finalit\u00e0 per le quali sono stati raccolti:<\/p>\r\n<!-- \/wp:paragraph -->\r\n\r\n<!-- wp:list -->\r\n<ul>\r\n<li>se hai creato un account, conserveremo i tuoi dati personali finch\u00e9 l\u2019account rimarr\u00e0 attivo, salvi i diversi termini previsti per obbligo di legge o interesse legittimo del Titolare;<\/li>\r\n<li>se ti sei iscritto al servizio di newsletter o hai rilasciato il consenso alla valutazione dei tuoi gusti e le tue preferenze, conserveremo i tuoi dati fino a quando ci avrai comunicato l\u2019intenzione di cancellare la sua sottoscrizione al servizio e, comunque e, in ogni caso, nel rispetto dei termini previsti dalla normativa applicabile;<\/li>\r\n<li>in caso di acquisto tramite il ns. sito internet, conserveremo i tuoi dati personali fino al momento dell\u2019esecuzione del contratto ed in seguito, al fine di adempiere agli obblighi di legge e per tutelare la posizione di Farlav in caso di reclami o contestazioni.<\/li>\r\n<\/ul>\r\n<!-- \/wp:list -->\r\n\r\n<!-- wp:list {\"ordered\":true,\"type\":\"1\",\"start\":8} -->\r\n<ol start=\"8\" type=\"1\">\r\n<li><strong>COMUNICAZIONE A TERZE PARTI DEI DATI PERSONALI<\/strong><\/li>\r\n<\/ol>\r\n<!-- \/wp:list -->\r\n<p><!-- wp:paragraph -->Per offrirti la migliore esperienza possibile attraverso il sito farlav.com ed all\u2019interno della nostra community, condividiamo i tuoi dati personali con fornitori di servizi che ci supportano nelle ns. attivit\u00e0 (ad esempio societ\u00e0 di gestione informatica, o che svolgono attivit\u00e0 di marketing o di elaborazione dati), ovvero a Societ\u00e0 partner di Farlav, sempre per le finalit\u00e0 indicate in questa policy e, comunque, nel rispetto dei limiti di legge e dei consensi da te forniti.<\/p>\r\n<!-- \/wp:paragraph -->\r\n<p><!-- wp:paragraph -->I tuoi dati personali potranno essere comunicati anche ad altri destinatari che trattano i tuoi dati in modo autonomo per dare esecuzione al contratto di acquisto di prodotti su farlav.com (come ad esempio lo spedizioniere) e solamente quando tale finalit\u00e0 non sia incompatibile con gli scopi per i quali i suoi dati sono stati raccolti e successivamente trattati e, comunque, in modo conforme alla legge.<\/p>\r\n<!-- \/wp:paragraph -->\r\n<p><!-- wp:paragraph -->I tuoi dati personali non saranno trasferiti all\u2019estero verso Paesi diversi da quelli appartenenti all\u2019Unione Europea che non assicurino livelli di tutela delle persone adeguati, salvo che fosse necessario per fornirle i servizi o per concludere un contratto con Farlav per l\u2019acquisto dei prodotti, sempre nel rispetto delle normative previste in materia di trasferimento dei dati personali all\u2019estero.<\/p>\r\n<!-- \/wp:paragraph -->\r\n<p><!-- wp:paragraph -->Nel caso in cui la ns. societ\u00e0 venga venduta a un\u2019altra azienda, in tutto o in parte, i tuoi dati personali saranno comunicati ai nostri consulenti e a consulenti del potenziale acquirente, nonch\u00e9 ai nuovi titolari dell\u2019azienda.<\/p>\r\n<!-- \/wp:paragraph -->\r\n\r\n<!-- wp:list {\"ordered\":true,\"type\":\"1\",\"start\":9} -->\r\n<ol start=\"9\" type=\"1\">\r\n<li><strong>MISURE DI SICUREZZA<\/strong><\/li>\r\n<\/ol>\r\n<!-- \/wp:list -->\r\n<p><!-- wp:paragraph -->Farlav ha adottato misure di sicurezza adeguate a ridurre al minimo i rischi di distruzione o di perdita, anche accidentale, dei tuoi dati, e di accesso non autorizzato o di trattamento non consentito o non conforme alle finalit\u00e0 di raccolta indicate nella nostra Privacy Policy.<\/p>\r\n<!-- \/wp:paragraph -->\r\n<p><!-- wp:paragraph -->Su farlav.com ogni acquisto avviene nella massima sicurezza grazie all\u2019utilizzo dei pi\u00f9 avanzati sistemi tecnologici e di codificazione (SSL).<\/p>\r\n<!-- \/wp:paragraph -->\r\n\r\n<!-- wp:list {\"ordered\":true,\"type\":\"1\",\"start\":10} -->\r\n<ol start=\"10\" type=\"1\">\r\n<li><strong>DIRITTO DI ACCESSO AI DATI E ALTRI DIRITTI<\/strong><\/li>\r\n<\/ol>\r\n<!-- \/wp:list -->\r\n<p><!-- wp:paragraph -->Farlav si impegna a garantirti il rispetto dei diritti sanciti dagli artt. 15 ss. GDPR.<\/p>\r\n<!-- \/wp:paragraph -->\r\n<p><!-- wp:paragraph -->In particolare, hai sempre il diritto di ottenere:<\/p>\r\n<!-- \/wp:paragraph -->\r\n\r\n<!-- wp:list -->\r\n<ul>\r\n<li>la conferma dell\u2019esistenza o meno di dati personali che ti riguardano e la loro comunicazione, nonch\u00e9 a conoscere le finalit\u00e0 del trattamento, le categorie di dati trattati, i destinatari a cui i dati sono inviati, se possibile il periodo di conservazione dei dati;<\/li>\r\n<li>l\u2019integrazione, la rettifica, la cancellazione, la trasformazione in forma anonima o il blocco dei tuoi dati personali, salvo che Farlav tratti tali dati in forza di un obbligo di legge o per legittimo interesse;<\/li>\r\n<li>la revoca in qualsiasi momento del proprio consenso;<\/li>\r\n<li>la trasmissione dei dati ad un altro titolare.<\/li>\r\n<\/ul>\r\n<!-- \/wp:list -->\r\n<p><!-- wp:paragraph -->Potrai liberamente ed in qualsiasi momento esercitare i tuoi diritti, purch\u00e9 nei limiti di legge, con richiesta rivolta a Farlav tramite l\u2019indirizzo email info@farlav.com alla quale provvederemo a dare opportuno riscontro.<\/p>\r\n<!-- \/wp:paragraph -->\r\n<p><!-- wp:paragraph -->Ti ricordiamo inoltre che in caso di violazione dei tuoi diritti hai la possibilit\u00e0 di proporre reclamo al Garante per la protezione dei dati personali.<\/p>\r\n<!-- \/wp:paragraph -->\r\n\r\n<!-- wp:list {\"ordered\":true,\"type\":\"1\",\"start\":11} -->\r\n<ol start=\"11\" type=\"1\">\r\n<li><strong>LINK AD ALTRI SITI WEB<\/strong><\/li>\r\n<\/ol>\r\n<!-- \/wp:list -->\r\n<p><!-- wp:paragraph -->Per esigenze interne o per la praticit\u00e0 degli utenti,farlav.com pu\u00f2 riportare link a siti web di terzi che possono non avere alcun collegamento con farlav.com o con Farlav.<\/p>\r\n<!-- \/wp:paragraph -->\r\n<p><!-- wp:paragraph -->L\u2019attivazione dei link non comporta nessuna raccomandazione o segnalazione di Farlav per l\u2019accesso e la navigazione in questi siti web, n\u00e9 alcuna garanzia circa i loro contenuti, i servizi o i beni da questi forniti e\\o venduti agli utenti.<\/p>\r\n<!-- \/wp:paragraph -->\r\n<p><!-- wp:paragraph -->L\u2019utilizzo da parte tua dei siti Web di terzi sar\u00e0 soggetto ai termini e alle condizioni imposte dai rispettivi provider e l\u2019accordo volto ad utilizzare tali software o siti web sar\u00e0 esclusivamente tra te ed il provider. Farlav non fornisce alcuna garanzia circa le prestazioni, l\u2019efficacia o altri aspetti di tali siti web, in relazione ai quali non \u00e8 responsabile in alcun modo.<\/p>\r\n<!-- \/wp:paragraph -->\r\n\r\n<!-- wp:list {\"ordered\":true,\"type\":\"1\",\"start\":12} -->\r\n<ol start=\"12\" type=\"1\">\r\n<li><strong>MODIFICHE E AGGIORNAMENTI ALLA PRESENTE PRIVACY POLICY<\/strong><\/li>\r\n<\/ol>\r\n<!-- \/wp:list -->\r\n<p><!-- wp:paragraph -->Farlav potr\u00e0 aggiornare, in tutto o in parte, la Privacy Policy di farlav.com anche in considerazione dell\u2019eventuale modifica delle norme di legge o di regolamento applicabili. Le modifiche e gli aggiornamenti della Privacy Policy di farlav.com saranno notificati agli utenti, mediante invio via email o pubblicazione sul sito web in questa sezione. Ti preghiamo dunque di accedere con regolarit\u00e0 per verificare la pubblicazione della pi\u00f9 recente ed aggiornata Privacy Policy di farlav.com.<\/p>\r\n<p><!-- \/wp:paragraph -->\u00a0<\/p>\r\n<p>[\/vc_column_text][\/vc_column][\/vc_row]<\/p>","protected":false},"excerpt":{"rendered":"<p>[vc_row][vc_column][vc_column_text] FARLAV.COM Indirizzo email:\u00a0info@farlav.com INFORMAZIONI SUL TRATTAMENTO DEI DATI PERSONALI\u00a0degli utenti che consultano il sito web farlav.com, ai sensi del Regolamento (UE) 2016\/679 (GDPR). A mezzo del presente documento, ti forniamo tutte le informazioni in merito al trattamento dei dati effettuato dalla nostra Societ\u00e0 tramite il sito internet farlav.com Questa Privacy Policy si applica ad [&hellip;]<\/p>\n","protected":false},"author":1,"featured_media":0,"parent":0,"menu_order":0,"comment_status":"closed","ping_status":"open","template":"","meta":{"footnotes":""},"class_list":["post-3","page","type-page","status-publish","hentry"],"yoast_head":"<!-- This site is optimized with the Yoast SEO plugin v24.4 - https:\/\/yoast.com\/wordpress\/plugins\/seo\/ -->\n<title>Privacy Policy - farlav<\/title>\n<meta name=\"robots\" content=\"index, follow, max-snippet:-1, max-image-preview:large, max-video-preview:-1\" \/>\n<link rel=\"canonical\" href=\"https:\/\/farlav.com\/?page_id=3\" \/>\n<meta property=\"og:locale\" content=\"it_IT\" \/>\n<meta property=\"og:type\" content=\"article\" \/>\n<meta property=\"og:title\" content=\"Privacy Policy - farlav\" \/>\n<meta property=\"og:description\" content=\"[vc_row][vc_column][vc_column_text] FARLAV.COM Indirizzo email:\u00a0info@farlav.com INFORMAZIONI SUL TRATTAMENTO DEI DATI PERSONALI\u00a0degli utenti che consultano il sito web farlav.com, ai sensi del Regolamento (UE) 2016\/679 (GDPR). A mezzo del presente documento, ti forniamo tutte le informazioni in merito al trattamento dei dati effettuato dalla nostra Societ\u00e0 tramite il sito internet farlav.com Questa Privacy Policy si applica ad [&hellip;]\" \/>\n<meta property=\"og:url\" content=\"https:\/\/farlav.com\/?page_id=3\" \/>\n<meta property=\"og:site_name\" content=\"farlav\" \/>\n<meta property=\"article:modified_time\" content=\"2024-01-25T11:27:04+00:00\" \/>\n<meta name=\"twitter:card\" content=\"summary_large_image\" \/>\n<meta name=\"twitter:label1\" content=\"Tempo di lettura stimato\" \/>\n\t<meta name=\"twitter:data1\" content=\"10 minuti\" \/>\n<script type=\"application\/ld+json\" class=\"yoast-schema-graph\">{\"@context\":\"https:\/\/schema.org\",\"@graph\":[{\"@type\":\"WebPage\",\"@id\":\"https:\/\/farlav.com\/?page_id=3\",\"url\":\"https:\/\/farlav.com\/?page_id=3\",\"name\":\"Privacy Policy - farlav\",\"isPartOf\":{\"@id\":\"https:\/\/farlav.com\/#website\"},\"datePublished\":\"2022-02-03T15:32:25+00:00\",\"dateModified\":\"2024-01-25T11:27:04+00:00\",\"breadcrumb\":{\"@id\":\"https:\/\/farlav.com\/?page_id=3#breadcrumb\"},\"inLanguage\":\"it-IT\",\"potentialAction\":[{\"@type\":\"ReadAction\",\"target\":[\"https:\/\/farlav.com\/?page_id=3\"]}]},{\"@type\":\"BreadcrumbList\",\"@id\":\"https:\/\/farlav.com\/?page_id=3#breadcrumb\",\"itemListElement\":[{\"@type\":\"ListItem\",\"position\":1,\"name\":\"Home\",\"item\":\"https:\/\/farlav.com\/\"},{\"@type\":\"ListItem\",\"position\":2,\"name\":\"Privacy Policy\"}]},{\"@type\":\"WebSite\",\"@id\":\"https:\/\/farlav.com\/#website\",\"url\":\"https:\/\/farlav.com\/\",\"name\":\"farlav\",\"description\":\"lifestyle\",\"potentialAction\":[{\"@type\":\"SearchAction\",\"target\":{\"@type\":\"EntryPoint\",\"urlTemplate\":\"https:\/\/farlav.com\/?s={search_term_string}\"},\"query-input\":{\"@type\":\"PropertyValueSpecification\",\"valueRequired\":true,\"valueName\":\"search_term_string\"}}],\"inLanguage\":\"it-IT\"}]}<\/script>\n<!-- \/ Yoast SEO plugin. -->","yoast_head_json":{"title":"Privacy Policy - farlav","robots":{"index":"index","follow":"follow","max-snippet":"max-snippet:-1","max-image-preview":"max-image-preview:large","max-video-preview":"max-video-preview:-1"},"canonical":"https:\/\/farlav.com\/?page_id=3","og_locale":"it_IT","og_type":"article","og_title":"Privacy Policy - farlav","og_description":"[vc_row][vc_column][vc_column_text] FARLAV.COM Indirizzo email:\u00a0info@farlav.com INFORMAZIONI SUL TRATTAMENTO DEI DATI PERSONALI\u00a0degli utenti che consultano il sito web farlav.com, ai sensi del Regolamento (UE) 2016\/679 (GDPR). A mezzo del presente documento, ti forniamo tutte le informazioni in merito al trattamento dei dati effettuato dalla nostra Societ\u00e0 tramite il sito internet farlav.com Questa Privacy Policy si applica ad [&hellip;]","og_url":"https:\/\/farlav.com\/?page_id=3","og_site_name":"farlav","article_modified_time":"2024-01-25T11:27:04+00:00","twitter_card":"summary_large_image","twitter_misc":{"Tempo di lettura stimato":"10 minuti"},"schema":{"@context":"https:\/\/schema.org","@graph":[{"@type":"WebPage","@id":"https:\/\/farlav.com\/?page_id=3","url":"https:\/\/farlav.com\/?page_id=3","name":"Privacy Policy - farlav","isPartOf":{"@id":"https:\/\/farlav.com\/#website"},"datePublished":"2022-02-03T15:32:25+00:00","dateModified":"2024-01-25T11:27:04+00:00","breadcrumb":{"@id":"https:\/\/farlav.com\/?page_id=3#breadcrumb"},"inLanguage":"it-IT","potentialAction":[{"@type":"ReadAction","target":["https:\/\/farlav.com\/?page_id=3"]}]},{"@type":"BreadcrumbList","@id":"https:\/\/farlav.com\/?page_id=3#breadcrumb","itemListElement":[{"@type":"ListItem","position":1,"name":"Home","item":"https:\/\/farlav.com\/"},{"@type":"ListItem","position":2,"name":"Privacy Policy"}]},{"@type":"WebSite","@id":"https:\/\/farlav.com\/#website","url":"https:\/\/farlav.com\/","name":"farlav","description":"lifestyle","potentialAction":[{"@type":"SearchAction","target":{"@type":"EntryPoint","urlTemplate":"https:\/\/farlav.com\/?s={search_term_string}"},"query-input":{"@type":"PropertyValueSpecification","valueRequired":true,"valueName":"search_term_string"}}],"inLanguage":"it-IT"}]}},"_links":{"self":[{"href":"https:\/\/farlav.com\/index.php?rest_route=\/wp\/v2\/pages\/3"}],"collection":[{"href":"https:\/\/farlav.com\/index.php?rest_route=\/wp\/v2\/pages"}],"about":[{"href":"https:\/\/farlav.com\/index.php?rest_route=\/wp\/v2\/types\/page"}],"author":[{"embeddable":true,"href":"https:\/\/farlav.com\/index.php?rest_route=\/wp\/v2\/users\/1"}],"replies":[{"embeddable":true,"href":"https:\/\/farlav.com\/index.php?rest_route=%2Fwp%2Fv2%2Fcomments&post=3"}],"version-history":[{"count":6,"href":"https:\/\/farlav.com\/index.php?rest_route=\/wp\/v2\/pages\/3\/revisions"}],"predecessor-version":[{"id":102052,"href":"https:\/\/farlav.com\/index.php?rest_route=\/wp\/v2\/pages\/3\/revisions\/102052"}],"wp:attachment":[{"href":"https:\/\/farlav.com\/index.php?rest_route=%2Fwp%2Fv2%2Fmedia&parent=3"}],"curies":[{"name":"wp","href":"https:\/\/api.w.org\/{rel}","templated":true}]}}