{"id":469,"date":"2022-02-07T18:44:52","date_gmt":"2022-02-07T17:44:52","guid":{"rendered":"http:\/\/farlav.com\/?page_id=469"},"modified":"2024-01-25T12:24:33","modified_gmt":"2024-01-25T11:24:33","slug":"condizioni-di-vendita","status":"publish","type":"page","link":"https:\/\/farlav.com\/?page_id=469","title":{"rendered":"condizioni di vendita"},"content":{"rendered":"<p>[vc_row][vc_column][vc_column_text]<\/p>\n<h2>Condizioni generali di vendita<\/h2>\n<p>[\/vc_column_text][vc_empty_space][\/vc_column][\/vc_row][vc_row][vc_column][vc_column_text]<\/p>\n<p style=\"font-weight: 400;\"><strong>Termini e condizioni generali <\/strong><\/p>\n<p style=\"font-weight: 400;\">In questa sezione sono riportate informazioni importanti sugli acquisti presso FARLAV.COM<\/p>\n<p style=\"font-weight: 400;\">I presenti termini e condizioni sono validi e disciplinano il rapporto fra il cliente, in qualit\u00e0 di consumatore di et\u00e0 superiore ai 18 anni (o, se minore, autorizzato da un genitore o tutore), e FARLAV.COM in relazione agli acquisti effettuati sul sito internet di FARLAV www.farlav.com (di seguito, il \u201csito internet\u201d). In particolare, il sito internet e la relativa vendita di prodotti sono gestiti direttamente da FARLAV.COM ,\u00a0 che potr\u00e0 essere contattata al seguente numero indirizzo e-mail info@farlav.com (di seguito, \u201cFARLAV\u201d o \u201cnoi\u201d).<\/p>\n<ol>\n<li>Procedura di acquisto e conclusione del contratto<\/li>\n<\/ol>\n<p style=\"font-weight: 400;\">Per poter procedere all\u2019acquisto, il cliente deve selezionare i prodotti che intende acquistare e inserirli nel carrello. Prima di confermare l\u2019ordine, il cliente deve controllare l\u2019esattezza del contenuto del carrello e compilare il modulo d\u2019ordine seguendo le istruzioni fornite sul sito internet. La procedura di acquisto risulta completata non appena il cliente clicca sul tasto di conferma definitiva dell\u2019ordine, che sar\u00e0 trasmesso direttamente a FARLAV Cliccando il tasto \u201cEffettua Pagamento\u201d, il cliente inoltra un ordine vincolante per i prodotti contenuti nel carrello. Prima di confermare l\u2019ordine, \u00e8 necessario confermare di aver letto e accettato i Termini e le Condizioni Generali qui riportati. Al termine del processo di acquisto, \u00e8 consigliabile salvare o stampare i presenti Termini e Condizioni Generali. La procedura di acquisto deve essere completata in ogni sua parte, in caso contrario, l\u2019ordine non pu\u00f2 essere inoltrato a FARLAV. A seguito dell\u2019inoltro dell\u2019ordine, FARLAV trasmette al cliente la relativa conferma che, tuttavia, non costituisce accettazione del contratto. FARLAV comunicher\u00e0 l\u2019accettazione dell\u2019ordine inviando al cliente una specifica conferma via e-mail e spedendo conseguentemente i prodotti entro i giorni indicati nella sezione spedizione<\/p>\n<ol start=\"2\">\n<li>Istruzioni per il recesso<\/li>\n<\/ol>\n<p style=\"font-weight: 400;\">Diritto di recesso Il cliente ha il diritto di recedere dal presente contratto per merce oggetto di ripensamento, entro 14 giorni dalla consegna dei prodotti acquistati. Il periodo di recesso scade dopo 14 giorni dalla data in cui il cliente, o un terzo diverso dal corriere e indicato dall\u2019acquirente, acquisisce il possesso fisico dei beni. Nel caso di merce difettosa, oppure non corrispondente alla merce ordinata il diritto di recesso va esercitato entro 10 giorni dalla ricezione dell\u2019ordine indicato sul tracking, sar\u00e0 richiesto di descrivere dettagliatamente il danno e allegare le foto che ne dimostrino l\u2019entit\u00e0. Per esercitare il diritto di recesso, il cliente \u00e8 tenuto a informarci (FARLAV.COM, e-mail: info@farlav.com) della sua intenzione di recedere dal contratto tramite una dichiarazione inequivocabile (ad esempio, una lettera inviata per e-mail o e-mail certificata). A tal fine \u00e8 possibile, ma non obbligatorio, utilizzare il modello di modulo di recesso allegato. Per rispettare il termine di recesso, \u00e8 sufficiente inviare la comunicazione relativa all\u2019esercizio del diritto di recesso prima della scadenza del periodo di recesso stesso.<\/p>\n<ol start=\"3\">\n<li>Effetti del recesso<\/li>\n<\/ol>\n<p style=\"font-weight: 400;\">Se il cliente recede dal presente contratto, FARLAV dovr\u00e0 rimborsare tutti i pagamenti che ha ricevuto dallo stesso, compresi i costi di consegna (ad eccezione dei costi supplementari derivanti dalla sua eventuale scelta di un tipo di consegna diverso dalla tipologia meno costosa di consegna standard da noi offerta), senza indebito ritardo e in ogni caso non oltre i giorni indicati per il recesso dalla data in cui FARLAV \u00e8 informata della decisione del cliente di recedere dal presente contratto. Detti rimborsi saranno effettuati utilizzando lo stesso mezzo di pagamento usato dal cliente per la transazione iniziale, salvo che il cliente non abbia espressamente concordato altrimenti con FARLAV; in ogni caso, il cliente non dovr\u00e0 sostenere alcun costo quale conseguenza di tale rimborso. FARLAV ha la facolt\u00e0 di sospendere il rimborso fino a quando non riceve i beni e verificato l\u2019integrit\u00e0 e la conformit\u00e0: prodotto non integro o imballaggio originale (scatola di scarpe, sacca antipolvere, ecc.) mancante o danneggiato, resi non autorizzati per iscritto o pervenute oltre i termini stabiliti. Per i, prodotti fallati o non corrispondenti alla merce inviata\u00a0 ( \u00a0Il cliente \u00e8 pregato di rispedire i beni o di consegnarli a noi, senza indebiti ritardi e in ogni caso entro 14 giorni dalla data in cui ci ha comunicato il suo recesso dal presente contratto. Il termine \u00e8 rispettato se il cliente rispedisce i beni prima della scadenza del periodo di 14 giorni. I costi della restituzione dei beni saranno a carico nostro. I prodotti devono essere restituiti nelle stesse condizioni in cui sono stati spediti. Il cliente deve pertanto garantire che i prodotti risultino intatti e integri non siano mai stati utilizzati indossati o danneggiati in alcun modo e vengano restituiti nel loro imballaggio originale con tutte le etichette integri, non siano mai stati utilizzati, indossati o danneggiati in alcun modo, e vengano restituiti nel loro imballaggio originale, con tutte le etichette presenti al momento della ricezione. Qualora i prodotti resi risultino danneggiati, rovinati o macchiati, ovvero si trovino in condizioni che dimostrano in modo inequivocabile che sono stati utilizzati per scopi diversi oltre che per le verifiche strettamente necessarie ad accertare la natura e le caratteristiche del prodotto acquistato, il cliente sar\u00e0 solo responsabile della diminuzione del valore dei prodotti risultante da un uso diverso da quello necessario per stabilirne la natura, le caratteristiche e il funzionamento.<\/p>\n<p style=\"font-weight: 400;\">Modulo di recesso tipo Se si desidera recedere dal contratto, si prega di compilare e restituire il presente modulo a: FARLAV,\u00a0 email: info@farlav.com<\/p>\n<p style=\"font-weight: 400;\">Con la presente io\/noi (*) notifichiamo il recesso dal mio\/nostro (*) contratto: di vendita dei seguenti beni*: di prestazione dei seguenti servizi*: ordinato il*\/ricevuto il*: Nome del\/dei consumatore(i): Indirizzo del\/dei consumatore(i): Firma del\/dei consumatore(i)<\/p>\n<p style=\"font-weight: 400;\">Data _________________________ *<\/p>\n<p style=\"font-weight: 400;\">Si prega di cancellare la dicitura non necessaria.<\/p>\n<ol start=\"4\">\n<li>Esclusione del diritto di recesso<\/li>\n<\/ol>\n<p style=\"font-weight: 400;\">Il diritto di recesso \u00e8 escluso per i contratti di fornitura di beni (i) realizzati su misura per il cliente o chiaramente personalizzati o (ii) soggetti a scadenza o deterioramento rapidi o (iii) sigillati e che non si prestano ad essere restituiti per motivi igienici (vedi Intimo) o connessi alla protezione della salute ma risultano essere stati aperti dopo la consegna.<\/p>\n<ol start=\"5\">\n<li>Spedizione<\/li>\n<\/ol>\n<p style=\"font-weight: 400;\">Le consegne sono validamente effettuate in Italia e In Unione Europea. I beni vengono spediti in quantit\u00e0 non industriali e solo ed esclusivamente ai consumatori finali.<\/p>\n<ol start=\"6\">\n<li>Garanzia<\/li>\n<\/ol>\n<p style=\"font-weight: 400;\">Al momento della consegna, il cliente \u00e8 tenuto a controllare che i prodotti consegnati corrispondano all\u2019ordine effettuato e che non presentino difetti di fabbricazione o di conformit\u00e0. Se i beni consegnati sono difettati, il cliente pu\u00f2 avvalersi della garanzia prevista dalla legge. Nello specifico, in caso di difetti di fabbricazione o mancanza di conformit\u00e0, il cliente pu\u00f2 richiedere il ripristino della conformit\u00e0 dei prodotti difettosi mediante riparazione o sostituzione gratuite, a meno che il rimedio richiesto non sia oggettivamente impossibile da attuare o eccessivamente oneroso rispetto agli altri rimedi. Nei casi previsti dalle norme di legge, il cliente pu\u00f2 richiedere una congrua riduzione del prezzo o la risoluzione del contratto e il successivo rimborso del prezzo di acquisto corrisposto. Si precisa che il cliente perde tale diritto nel caso in cui non informi FARLAV della mancanza di conformit\u00e0 entro 10 (dieci) giorni dalla data di ricezione ordine. Resta, tuttavia, inteso che FARLAV \u00a0\u00e8 responsabile esclusivamente per la mancanza di conformit\u00e0 dei prodotti resa nota entro due (2) anni dalla consegna del prodotto difettoso. Le azioni riguardanti eventuali difetti dei prodotti possono essere portate in giudizio esclusivamente entro 26 (ventisei) mesi dalla consegna del prodotto riguardanti eventuali difetti dei prodotti possono essere portate in giudizio esclusivamente entro 26 (ventisei) mesi dalla consegna del prodotto difettoso. Per comunicare l\u2019esistenza di difetti o mancanze in un prodotto o per richiedere uno dei rimedi sopra elencati, \u00e8 possibile contattare FARLAV agli indirizzi indicati nel successivo Articolo 13. FARLAV non presta ulteriori garanzie per difetti rispetto a quelle previste dalla legge.<\/p>\n<ol start=\"7\">\n<li>Spese di spedizione<\/li>\n<\/ol>\n<p style=\"font-weight: 400;\">Gli ordini effettuati su FARLAV vengono spediti in base alle tabelle costi indicati nelle sezioni apposite.<\/p>\n<ol start=\"8\">\n<li>Pagamento<\/li>\n<\/ol>\n<p style=\"font-weight: 400;\">Il pagamento pu\u00f2 essere effettuato tramite PayPal, carta di credito (MasterCard, Visa, Maestro), Multibanco, Ideal, Sofort, Bancontact, Giropay, EPS, Alipay e P24. Il pagamento immediato non comporta sconti. FARLAV si riserva il diritto di offrire metodi di pagamento specifici solo per determinate consegne, ad esempio in base all\u2019affidabilit\u00e0 creditizia al fine di coprirsi dal rischio di credito. Per ulteriori informazioni sui metodi di pagamento, si prega di consultare la sezione relativa all\u2019assistenza. Pagamento tramite PayPal Il cliente paga direttamente dal proprio conto PayPal. Pagamento con carta di credito Il cliente paga immediatamente in fase di ordine inserendo i dati della propria carta di credito. I prodotti realizzati su misura per il cliente o chiaramente personalizzati vengono addebitati immediatamente sulla carta di credito per l\u2019importo fatturato, al netto di eventuali sconti, voucher, ecc.<\/p>\n<ol start=\"9\">\n<li>Prezzi<\/li>\n<\/ol>\n<p style=\"font-weight: 400;\">I nostri prezzi si intendono in Euro e comprendono l\u2019importo per l\u2019IVA previsto dalla legge e le eventuali altre imposte applicabili.<\/p>\n<ol start=\"10\">\n<li>Riserva di propriet\u00e0<\/li>\n<\/ol>\n<p style=\"font-weight: 400;\">I prodotti rimangono di propriet\u00e0 di FARLAV fino al pagamento integrale.<\/p>\n<ol start=\"11\">\n<li>Comunicazioni telematiche<\/li>\n<\/ol>\n<p style=\"font-weight: 400;\">Il cliente acconsente che le comunicazioni relative al contratto avvengano in via telematica.<\/p>\n<ol start=\"12\">\n<li>Legge applicabile, foro competente e risoluzione alternativa delle controversie<\/li>\n<\/ol>\n<p style=\"font-weight: 400;\">Fatte salve le eventuali disposizioni nazionali per la tutela dei consumatori applicabili al paese di residenza del cliente che risultino pi\u00f9 favorevoli, i presenti Termini e Condizioni Generali sono disciplinati e interpretati in conformit\u00e0 alla legge italiana. Ogni controversia derivante dall\u2019interpretazione e\/o dall\u2019applicazione dei presenti Termini e Condizioni Generali, sar\u00e0 devoluta alla competenza esclusiva del foro del luogo di residenza o domicilio del consumatore. Il cliente potr\u00e0 avvalersi della piattaforma istituita dalla Commissione Europea per la risoluzione delle controversie relative ai contratti di vendita online (\u201cPiattaforma ODR\u201d). Il cliente potr\u00e0 ricorrere alla Piattaforma ODR per risolvere le controversie relative agli acquisti online ricevendo l\u2019assistenza di un organo imparziale. La Piattaforma ODR \u00e8 accessibile tramite il seguente link: https:\/\/ec.europa.eu\/consumers\/odr\/main\/? event=main.home.show. Tuttavia, resta inteso che FARLAV non \u00e8 obbligata n\u00e9 disposta a prendere parte alle procedure di risoluzione alternativa delle controversie presso i collegi arbitrali dei consumatori. Secondo l\u2019articolo 49 comma 1 lettera V del D. Lgs 6 settembre 2005 n. 206 (Codice del Consumo) il cliente pu\u00f2 avvalersi della procedura di Conciliazione Paritetica. La Procedura pu\u00f2 essere avviata qualora il consumatore dopo aver presentato reclamo all\u2019azienda, entro 45 giorni, non abbia ricevuto risposta ovvero abbia ricevuto risposta non ritenuta da lui soddisfacente. Il cliente che decide di avvalersi della procedura di Conciliazione Paritetica \u00e8 obbligato a trasmettere la domanda compilando il form sul sito: http:\/\/www.consorzionetcomm.it\/Spazio_Consumatori\/Conciliazione-Paritetica\/La-Conciliazione-Paritetica.kl<\/p>\n<ol start=\"13\">\n<li>Lingua del contratto \/ conservazione degli ordini<\/li>\n<\/ol>\n<p style=\"font-weight: 400;\">Il contratto \u00e8 stipulato in lingua italiana FARLAV non conserva il testo degli ordini che non pu\u00f2 essere pi\u00f9 visualizzato una volta completata la Il contratto \u00e8 stipulato in lingua italiana. FARLAV non conserva il testo degli ordini, che non pu\u00f2 essere pi\u00f9 visualizzato una volta completata la procedura d\u2019ordine. Il cliente ha comunque la facolt\u00e0 di stampare l\u2019ordine subito dopo averlo completato. Conformemente con le norme di legge vigenti, i presenti Termini e Condizioni Generali sono pubblicati sul sito internet per tenere informati i clienti e a scopo di conservazione e riproduzione. L\u2019acquisto dei prodotti sul sito internet \u00e8 disciplinato esclusivamente dai Termini e Condizioni qui pubblicati e in vigore al momento dell\u2019acquisto. FARLAV si riserva il diritto di modificare in qualunque momento i presenti Termini e Condizioni Generali. Ogni modifica sar\u00e0 efficace solo per gli acquisti effettuati dopo la data in cui viene pubblicata la nuova versione dei Termini e Condizioni Generali.<\/p>\n<ol start=\"14\">\n<li>Dati del fornitore e informazioni di contatto<\/li>\n<\/ol>\n<p style=\"font-weight: 400;\">FARLAV.COM<\/p>\n<p style=\"font-weight: 400;\">info@farlav.com<\/p>\n<p>[\/vc_column_text][\/vc_column][\/vc_row]<\/p>\n","protected":false},"excerpt":{"rendered":"<p>[vc_row][vc_column][vc_column_text] Condizioni generali di vendita [\/vc_column_text][vc_empty_space][\/vc_column][\/vc_row][vc_row][vc_column][vc_column_text] Termini e condizioni generali In questa sezione sono riportate informazioni importanti sugli acquisti presso FARLAV.COM I presenti termini e condizioni sono validi e disciplinano il rapporto fra il cliente, in qualit\u00e0 di consumatore di et\u00e0 superiore ai 18 anni (o, se minore, autorizzato da un genitore o tutore), e [&hellip;]<\/p>\n","protected":false},"author":1,"featured_media":0,"parent":0,"menu_order":0,"comment_status":"closed","ping_status":"closed","template":"","meta":{"footnotes":""},"class_list":["post-469","page","type-page","status-publish","hentry"],"yoast_head":"<!-- This site is optimized with the Yoast SEO plugin v24.4 - https:\/\/yoast.com\/wordpress\/plugins\/seo\/ -->\n<title>condizioni di vendita - farlav<\/title>\n<meta name=\"robots\" content=\"index, follow, max-snippet:-1, max-image-preview:large, max-video-preview:-1\" \/>\n<link rel=\"canonical\" href=\"https:\/\/farlav.com\/?page_id=469\" \/>\n<meta property=\"og:locale\" content=\"it_IT\" \/>\n<meta property=\"og:type\" content=\"article\" \/>\n<meta property=\"og:title\" content=\"condizioni di vendita - farlav\" \/>\n<meta property=\"og:description\" content=\"[vc_row][vc_column][vc_column_text] Condizioni generali di vendita [\/vc_column_text][vc_empty_space][\/vc_column][\/vc_row][vc_row][vc_column][vc_column_text] Termini e condizioni generali In questa sezione sono riportate informazioni importanti sugli acquisti presso FARLAV.COM I presenti termini e condizioni sono validi e disciplinano il rapporto fra il cliente, in qualit\u00e0 di consumatore di et\u00e0 superiore ai 18 anni (o, se minore, autorizzato da un genitore o tutore), e [&hellip;]\" \/>\n<meta property=\"og:url\" content=\"https:\/\/farlav.com\/?page_id=469\" \/>\n<meta property=\"og:site_name\" content=\"farlav\" \/>\n<meta property=\"article:modified_time\" content=\"2024-01-25T11:24:33+00:00\" \/>\n<meta name=\"twitter:card\" content=\"summary_large_image\" \/>\n<meta name=\"twitter:label1\" content=\"Tempo di lettura stimato\" \/>\n\t<meta name=\"twitter:data1\" content=\"11 minuti\" \/>\n<script type=\"application\/ld+json\" class=\"yoast-schema-graph\">{\"@context\":\"https:\/\/schema.org\",\"@graph\":[{\"@type\":\"WebPage\",\"@id\":\"https:\/\/farlav.com\/?page_id=469\",\"url\":\"https:\/\/farlav.com\/?page_id=469\",\"name\":\"condizioni di vendita - farlav\",\"isPartOf\":{\"@id\":\"https:\/\/farlav.com\/#website\"},\"datePublished\":\"2022-02-07T17:44:52+00:00\",\"dateModified\":\"2024-01-25T11:24:33+00:00\",\"breadcrumb\":{\"@id\":\"https:\/\/farlav.com\/?page_id=469#breadcrumb\"},\"inLanguage\":\"it-IT\",\"potentialAction\":[{\"@type\":\"ReadAction\",\"target\":[\"https:\/\/farlav.com\/?page_id=469\"]}]},{\"@type\":\"BreadcrumbList\",\"@id\":\"https:\/\/farlav.com\/?page_id=469#breadcrumb\",\"itemListElement\":[{\"@type\":\"ListItem\",\"position\":1,\"name\":\"Home\",\"item\":\"https:\/\/farlav.com\/\"},{\"@type\":\"ListItem\",\"position\":2,\"name\":\"condizioni di vendita\"}]},{\"@type\":\"WebSite\",\"@id\":\"https:\/\/farlav.com\/#website\",\"url\":\"https:\/\/farlav.com\/\",\"name\":\"farlav\",\"description\":\"lifestyle\",\"potentialAction\":[{\"@type\":\"SearchAction\",\"target\":{\"@type\":\"EntryPoint\",\"urlTemplate\":\"https:\/\/farlav.com\/?s={search_term_string}\"},\"query-input\":{\"@type\":\"PropertyValueSpecification\",\"valueRequired\":true,\"valueName\":\"search_term_string\"}}],\"inLanguage\":\"it-IT\"}]}<\/script>\n<!-- \/ Yoast SEO plugin. -->","yoast_head_json":{"title":"condizioni di vendita - farlav","robots":{"index":"index","follow":"follow","max-snippet":"max-snippet:-1","max-image-preview":"max-image-preview:large","max-video-preview":"max-video-preview:-1"},"canonical":"https:\/\/farlav.com\/?page_id=469","og_locale":"it_IT","og_type":"article","og_title":"condizioni di vendita - farlav","og_description":"[vc_row][vc_column][vc_column_text] Condizioni generali di vendita [\/vc_column_text][vc_empty_space][\/vc_column][\/vc_row][vc_row][vc_column][vc_column_text] Termini e condizioni generali In questa sezione sono riportate informazioni importanti sugli acquisti presso FARLAV.COM I presenti termini e condizioni sono validi e disciplinano il rapporto fra il cliente, in qualit\u00e0 di consumatore di et\u00e0 superiore ai 18 anni (o, se minore, autorizzato da un genitore o tutore), e [&hellip;]","og_url":"https:\/\/farlav.com\/?page_id=469","og_site_name":"farlav","article_modified_time":"2024-01-25T11:24:33+00:00","twitter_card":"summary_large_image","twitter_misc":{"Tempo di lettura stimato":"11 minuti"},"schema":{"@context":"https:\/\/schema.org","@graph":[{"@type":"WebPage","@id":"https:\/\/farlav.com\/?page_id=469","url":"https:\/\/farlav.com\/?page_id=469","name":"condizioni di vendita - farlav","isPartOf":{"@id":"https:\/\/farlav.com\/#website"},"datePublished":"2022-02-07T17:44:52+00:00","dateModified":"2024-01-25T11:24:33+00:00","breadcrumb":{"@id":"https:\/\/farlav.com\/?page_id=469#breadcrumb"},"inLanguage":"it-IT","potentialAction":[{"@type":"ReadAction","target":["https:\/\/farlav.com\/?page_id=469"]}]},{"@type":"BreadcrumbList","@id":"https:\/\/farlav.com\/?page_id=469#breadcrumb","itemListElement":[{"@type":"ListItem","position":1,"name":"Home","item":"https:\/\/farlav.com\/"},{"@type":"ListItem","position":2,"name":"condizioni di vendita"}]},{"@type":"WebSite","@id":"https:\/\/farlav.com\/#website","url":"https:\/\/farlav.com\/","name":"farlav","description":"lifestyle","potentialAction":[{"@type":"SearchAction","target":{"@type":"EntryPoint","urlTemplate":"https:\/\/farlav.com\/?s={search_term_string}"},"query-input":{"@type":"PropertyValueSpecification","valueRequired":true,"valueName":"search_term_string"}}],"inLanguage":"it-IT"}]}},"_links":{"self":[{"href":"https:\/\/farlav.com\/index.php?rest_route=\/wp\/v2\/pages\/469"}],"collection":[{"href":"https:\/\/farlav.com\/index.php?rest_route=\/wp\/v2\/pages"}],"about":[{"href":"https:\/\/farlav.com\/index.php?rest_route=\/wp\/v2\/types\/page"}],"author":[{"embeddable":true,"href":"https:\/\/farlav.com\/index.php?rest_route=\/wp\/v2\/users\/1"}],"replies":[{"embeddable":true,"href":"https:\/\/farlav.com\/index.php?rest_route=%2Fwp%2Fv2%2Fcomments&post=469"}],"version-history":[{"count":10,"href":"https:\/\/farlav.com\/index.php?rest_route=\/wp\/v2\/pages\/469\/revisions"}],"predecessor-version":[{"id":102051,"href":"https:\/\/farlav.com\/index.php?rest_route=\/wp\/v2\/pages\/469\/revisions\/102051"}],"wp:attachment":[{"href":"https:\/\/farlav.com\/index.php?rest_route=%2Fwp%2Fv2%2Fmedia&parent=469"}],"curies":[{"name":"wp","href":"https:\/\/api.w.org\/{rel}","templated":true}]}}