{"id":28057,"date":"2022-02-27T17:03:59","date_gmt":"2022-02-27T16:03:59","guid":{"rendered":"http:\/\/farlav.com\/?post_type=product&#038;p=28057"},"modified":"2025-11-10T19:50:46","modified_gmt":"2025-11-10T18:50:46","slug":"farlav-gonna-in-taffeta-con-balze","status":"publish","type":"product","link":"https:\/\/farlav.com\/?product=farlav-gonna-in-taffeta-con-balze","title":{"rendered":"Farlav, Gonna in taffet\u00e0 con balze"},"content":{"rendered":"<p>Gonna dalla linea morbida realizzata in taffet\u00e0 di misto seta, con pieghe in vita, dettaglio di balze al fondo e orlo asimmetrico pi\u00f9 lungo dietro. Allacciatura tramite zip invisibile e bottoni nel retro.<\/p>\n<p class=\"title\"><span class=\"label\">Colore:<\/span><span class=\"value\">\u00a0BLUETTE<\/span><\/p>\n<p>Composizione<\/p>\n<ul>\n<li>71% poliestere, 29% seta.<\/li>\n<li>Non lavare in acqua; non candeggiare; non asciugare in tamburo; ferro tiepido max 110 gradi c; lavare a secco delicato con percloroetilene; non lavare ad umido professionale.<\/li>\n<\/ul>\n<p>La modella \u00e8 alta 177 e indossa 38. Le sue misure sono: seno 80, vita 61 e fianchi 87<\/p>\n","protected":false},"excerpt":{"rendered":"<p>Gonna dalla linea morbida realizzata in taffet\u00e0 di misto seta, con pieghe in vita, dettaglio di balze al fondo e orlo asimmetrico pi\u00f9 lungo dietro. Allacciatura tramite zip invisibile e bottoni nel retro. Colore:\u00a0BLUETTE Composizione 71% poliestere, 29% seta. Non lavare in acqua; non candeggiare; non asciugare in tamburo; ferro tiepido max 110 gradi c; [&hellip;]<\/p>\n","protected":false},"featured_media":28075,"comment_status":"open","ping_status":"closed","template":"","meta":[],"product_brand":[],"product_cat":[294],"product_tag":[114,293,115],"berocket_brand":[],"class_list":{"0":"post-28057","1":"product","2":"type-product","3":"status-publish","4":"has-post-thumbnail","6":"product_cat-abbigliamento-gonna","7":"product_tag-donna","8":"product_tag-gonne","9":"product_tag-primavera-estate","10":"pa_variante-blu","12":"first","13":"instock","14":"featured","15":"taxable","16":"shipping-taxable","17":"purchasable","18":"product-type-variable"},"yoast_head":"<!-- This site is optimized with the Yoast SEO plugin v24.4 - https:\/\/yoast.com\/wordpress\/plugins\/seo\/ -->\n<title>Farlav, Gonna in taffet\u00e0 con balze - farlav<\/title>\n<meta name=\"robots\" content=\"index, follow, max-snippet:-1, max-image-preview:large, max-video-preview:-1\" \/>\n<link rel=\"canonical\" href=\"https:\/\/farlav.com\/?product=farlav-gonna-in-taffeta-con-balze\" \/>\n<meta property=\"og:locale\" content=\"it_IT\" \/>\n<meta property=\"og:type\" content=\"article\" \/>\n<meta property=\"og:title\" content=\"Farlav, Gonna in taffet\u00e0 con balze - farlav\" \/>\n<meta property=\"og:description\" content=\"Gonna dalla linea morbida realizzata in taffet\u00e0 di misto seta, con pieghe in vita, dettaglio di balze al fondo e orlo asimmetrico pi\u00f9 lungo dietro. Allacciatura tramite zip invisibile e bottoni nel retro. Colore:\u00a0BLUETTE Composizione 71% poliestere, 29% seta. Non lavare in acqua; non candeggiare; non asciugare in tamburo; ferro tiepido max 110 gradi c; [&hellip;]\" \/>\n<meta property=\"og:url\" content=\"https:\/\/farlav.com\/?product=farlav-gonna-in-taffeta-con-balze\" \/>\n<meta property=\"og:site_name\" content=\"farlav\" \/>\n<meta property=\"article:modified_time\" content=\"2025-11-10T18:50:46+00:00\" \/>\n<meta property=\"og:image\" content=\"https:\/\/farlav.com\/wp-content\/uploads\/2022\/02\/1106010406012-a-abadan-gonna_normal-e1645977713661.jpg\" \/>\n\t<meta property=\"og:image:width\" content=\"710\" \/>\n\t<meta property=\"og:image:height\" content=\"942\" \/>\n\t<meta property=\"og:image:type\" content=\"image\/jpeg\" \/>\n<meta name=\"twitter:card\" content=\"summary_large_image\" \/>\n<meta name=\"twitter:label1\" content=\"Tempo di lettura stimato\" \/>\n\t<meta name=\"twitter:data1\" content=\"1 minuto\" \/>\n<script type=\"application\/ld+json\" class=\"yoast-schema-graph\">{\"@context\":\"https:\/\/schema.org\",\"@graph\":[{\"@type\":\"WebPage\",\"@id\":\"https:\/\/farlav.com\/?product=farlav-gonna-in-taffeta-con-balze\",\"url\":\"https:\/\/farlav.com\/?product=farlav-gonna-in-taffeta-con-balze\",\"name\":\"Farlav, Gonna in taffet\u00e0 con balze - farlav\",\"isPartOf\":{\"@id\":\"https:\/\/farlav.com\/#website\"},\"primaryImageOfPage\":{\"@id\":\"https:\/\/farlav.com\/?product=farlav-gonna-in-taffeta-con-balze#primaryimage\"},\"image\":{\"@id\":\"https:\/\/farlav.com\/?product=farlav-gonna-in-taffeta-con-balze#primaryimage\"},\"thumbnailUrl\":\"https:\/\/farlav.com\/wp-content\/uploads\/2022\/02\/1106010406012-a-abadan-gonna_normal-e1645977713661.jpg\",\"datePublished\":\"2022-02-27T16:03:59+00:00\",\"dateModified\":\"2025-11-10T18:50:46+00:00\",\"breadcrumb\":{\"@id\":\"https:\/\/farlav.com\/?product=farlav-gonna-in-taffeta-con-balze#breadcrumb\"},\"inLanguage\":\"it-IT\",\"potentialAction\":[{\"@type\":\"ReadAction\",\"target\":[\"https:\/\/farlav.com\/?product=farlav-gonna-in-taffeta-con-balze\"]}]},{\"@type\":\"ImageObject\",\"inLanguage\":\"it-IT\",\"@id\":\"https:\/\/farlav.com\/?product=farlav-gonna-in-taffeta-con-balze#primaryimage\",\"url\":\"https:\/\/farlav.com\/wp-content\/uploads\/2022\/02\/1106010406012-a-abadan-gonna_normal-e1645977713661.jpg\",\"contentUrl\":\"https:\/\/farlav.com\/wp-content\/uploads\/2022\/02\/1106010406012-a-abadan-gonna_normal-e1645977713661.jpg\",\"width\":710,\"height\":942},{\"@type\":\"BreadcrumbList\",\"@id\":\"https:\/\/farlav.com\/?product=farlav-gonna-in-taffeta-con-balze#breadcrumb\",\"itemListElement\":[{\"@type\":\"ListItem\",\"position\":1,\"name\":\"Home\",\"item\":\"https:\/\/farlav.com\/\"},{\"@type\":\"ListItem\",\"position\":2,\"name\":\"Shop\",\"item\":\"https:\/\/farlav.com\/?page_id=222\"},{\"@type\":\"ListItem\",\"position\":3,\"name\":\"Farlav, Gonna in taffet\u00e0 con balze\"}]},{\"@type\":\"WebSite\",\"@id\":\"https:\/\/farlav.com\/#website\",\"url\":\"https:\/\/farlav.com\/\",\"name\":\"farlav\",\"description\":\"lifestyle\",\"potentialAction\":[{\"@type\":\"SearchAction\",\"target\":{\"@type\":\"EntryPoint\",\"urlTemplate\":\"https:\/\/farlav.com\/?s={search_term_string}\"},\"query-input\":{\"@type\":\"PropertyValueSpecification\",\"valueRequired\":true,\"valueName\":\"search_term_string\"}}],\"inLanguage\":\"it-IT\"}]}<\/script>\n<!-- \/ Yoast SEO plugin. -->","yoast_head_json":{"title":"Farlav, Gonna in taffet\u00e0 con balze - farlav","robots":{"index":"index","follow":"follow","max-snippet":"max-snippet:-1","max-image-preview":"max-image-preview:large","max-video-preview":"max-video-preview:-1"},"canonical":"https:\/\/farlav.com\/?product=farlav-gonna-in-taffeta-con-balze","og_locale":"it_IT","og_type":"article","og_title":"Farlav, Gonna in taffet\u00e0 con balze - farlav","og_description":"Gonna dalla linea morbida realizzata in taffet\u00e0 di misto seta, con pieghe in vita, dettaglio di balze al fondo e orlo asimmetrico pi\u00f9 lungo dietro. Allacciatura tramite zip invisibile e bottoni nel retro. Colore:\u00a0BLUETTE Composizione 71% poliestere, 29% seta. Non lavare in acqua; non candeggiare; non asciugare in tamburo; ferro tiepido max 110 gradi c; [&hellip;]","og_url":"https:\/\/farlav.com\/?product=farlav-gonna-in-taffeta-con-balze","og_site_name":"farlav","article_modified_time":"2025-11-10T18:50:46+00:00","og_image":[{"width":710,"height":942,"url":"https:\/\/farlav.com\/wp-content\/uploads\/2022\/02\/1106010406012-a-abadan-gonna_normal-e1645977713661.jpg","type":"image\/jpeg"}],"twitter_card":"summary_large_image","twitter_misc":{"Tempo di lettura stimato":"1 minuto"},"schema":{"@context":"https:\/\/schema.org","@graph":[{"@type":"WebPage","@id":"https:\/\/farlav.com\/?product=farlav-gonna-in-taffeta-con-balze","url":"https:\/\/farlav.com\/?product=farlav-gonna-in-taffeta-con-balze","name":"Farlav, Gonna in taffet\u00e0 con balze - farlav","isPartOf":{"@id":"https:\/\/farlav.com\/#website"},"primaryImageOfPage":{"@id":"https:\/\/farlav.com\/?product=farlav-gonna-in-taffeta-con-balze#primaryimage"},"image":{"@id":"https:\/\/farlav.com\/?product=farlav-gonna-in-taffeta-con-balze#primaryimage"},"thumbnailUrl":"https:\/\/farlav.com\/wp-content\/uploads\/2022\/02\/1106010406012-a-abadan-gonna_normal-e1645977713661.jpg","datePublished":"2022-02-27T16:03:59+00:00","dateModified":"2025-11-10T18:50:46+00:00","breadcrumb":{"@id":"https:\/\/farlav.com\/?product=farlav-gonna-in-taffeta-con-balze#breadcrumb"},"inLanguage":"it-IT","potentialAction":[{"@type":"ReadAction","target":["https:\/\/farlav.com\/?product=farlav-gonna-in-taffeta-con-balze"]}]},{"@type":"ImageObject","inLanguage":"it-IT","@id":"https:\/\/farlav.com\/?product=farlav-gonna-in-taffeta-con-balze#primaryimage","url":"https:\/\/farlav.com\/wp-content\/uploads\/2022\/02\/1106010406012-a-abadan-gonna_normal-e1645977713661.jpg","contentUrl":"https:\/\/farlav.com\/wp-content\/uploads\/2022\/02\/1106010406012-a-abadan-gonna_normal-e1645977713661.jpg","width":710,"height":942},{"@type":"BreadcrumbList","@id":"https:\/\/farlav.com\/?product=farlav-gonna-in-taffeta-con-balze#breadcrumb","itemListElement":[{"@type":"ListItem","position":1,"name":"Home","item":"https:\/\/farlav.com\/"},{"@type":"ListItem","position":2,"name":"Shop","item":"https:\/\/farlav.com\/?page_id=222"},{"@type":"ListItem","position":3,"name":"Farlav, Gonna in taffet\u00e0 con balze"}]},{"@type":"WebSite","@id":"https:\/\/farlav.com\/#website","url":"https:\/\/farlav.com\/","name":"farlav","description":"lifestyle","potentialAction":[{"@type":"SearchAction","target":{"@type":"EntryPoint","urlTemplate":"https:\/\/farlav.com\/?s={search_term_string}"},"query-input":{"@type":"PropertyValueSpecification","valueRequired":true,"valueName":"search_term_string"}}],"inLanguage":"it-IT"}]}},"_links":{"self":[{"href":"https:\/\/farlav.com\/index.php?rest_route=\/wp\/v2\/product\/28057"}],"collection":[{"href":"https:\/\/farlav.com\/index.php?rest_route=\/wp\/v2\/product"}],"about":[{"href":"https:\/\/farlav.com\/index.php?rest_route=\/wp\/v2\/types\/product"}],"replies":[{"embeddable":true,"href":"https:\/\/farlav.com\/index.php?rest_route=%2Fwp%2Fv2%2Fcomments&post=28057"}],"wp:featuredmedia":[{"embeddable":true,"href":"https:\/\/farlav.com\/index.php?rest_route=\/wp\/v2\/media\/28075"}],"wp:attachment":[{"href":"https:\/\/farlav.com\/index.php?rest_route=%2Fwp%2Fv2%2Fmedia&parent=28057"}],"wp:term":[{"taxonomy":"product_brand","embeddable":true,"href":"https:\/\/farlav.com\/index.php?rest_route=%2Fwp%2Fv2%2Fproduct_brand&post=28057"},{"taxonomy":"product_cat","embeddable":true,"href":"https:\/\/farlav.com\/index.php?rest_route=%2Fwp%2Fv2%2Fproduct_cat&post=28057"},{"taxonomy":"product_tag","embeddable":true,"href":"https:\/\/farlav.com\/index.php?rest_route=%2Fwp%2Fv2%2Fproduct_tag&post=28057"},{"taxonomy":"berocket_brand","embeddable":true,"href":"https:\/\/farlav.com\/index.php?rest_route=%2Fwp%2Fv2%2Fberocket_brand&post=28057"}],"curies":[{"name":"wp","href":"https:\/\/api.w.org\/{rel}","templated":true}]}}